{"id":732,"date":"2017-02-10T07:13:06","date_gmt":"2017-02-10T07:13:06","guid":{"rendered":"http:\/\/www.endeavor-services.com\/?page_id=732\/"},"modified":"2025-03-07T09:46:02","modified_gmt":"2025-03-07T09:46:02","slug":"agencia-de-marketing-digital","status":"publish","type":"page","link":"https:\/\/www.endeavor-services.com\/pt\/","title":{"rendered":"Ag\u00eancia de Marketing Digital"},"content":{"rendered":"<p>[vc_row el_class=&#8221;container&#8221;][vc_column el_class=&#8221;banner_headings&#8221; css=&#8221;.vc_custom_1489116702482{margin-bottom: 140px !important;}&#8221;][vc_column_text css=&#8221;.vc_custom_1710959938911{margin-bottom: 0px !important;}&#8221;]<\/p>\n<h4><em>\u00a0<\/em><\/h4>\n<h1>To do something new and challenging<\/h1>\n<h2>Ajudamos os nossos clientes a ter sucesso na internet.<\/h2>\n<p>[\/vc_column_text][\/vc_column][\/vc_row][vc_row el_class=&#8221;container&#8221;][vc_column el_class=&#8221;more_part&#8221; css=&#8221;.vc_custom_1483081497850{margin-bottom: 109px !important;}&#8221;][vc_raw_html]JTNDZGl2JTNFJTNDYSUyMGlkJTNEJTIyaG9tZV9tb3JlJTIyJTIwaHJlZiUzRCUyMiUyM2dvb2dsZV9hZHdvcmRfc2Nyb2xsJTIyJTNFTGVyJTIwbWFpcyUyMCUzQ2ltZyUyMHNyYyUzRCUyMmh0dHBzJTNBJTJGJTJGd3d3LmVuZGVhdm9yLXNlcnZpY2VzLmNvbSUyRndwLWNvbnRlbnQlMkZ1cGxvYWRzJTJGMjAxNiUyRjEyJTJGbW9yZV9hcnJvdy5wbmclMjIlMjAlMkYlM0UlM0MlMkZhJTNFJTNDJTJGZGl2JTNFJTBBJTBBJTNDJTIxLS1kaXYlMjBzdHlsZSUzRCUyMndpZHRoJTNBJTIwNTBweCUzQiUyMG1hcmdpbiUzQSUyMDAlMjBhdXRvJTNCJTIwYmFja2dyb3VuZC1jb2xvciUzQSUyMG5vbmUlM0IlMjIlM0UlM0NhJTIwaWQlM0QlMjJob21lX21vcmUlMjIlMjBocmVmJTNEJTIyJTIzZ29vZ2xlX2Fkd29yZF9zY3JvbGwlMjIlM0UlM0NpJTIwY2xhc3MlM0QlMjJDaGV2cm9uJTIyJTNFJTNDJTJGaSUzRSUzQyUyRmElM0UlM0MlMkZkaXYtLSUzRSUwQSUwQQ==[\/vc_raw_html][\/vc_column][\/vc_row][vc_row el_id=&#8221;google_adword_scroll&#8221; css=&#8221;.vc_custom_1711034971203{margin-right: 0px !important;margin-left: 0px !important;}&#8221; el_class=&#8221;google_adword online_gadd&#8221;][vc_column css=&#8221;.vc_custom_1482899621958{margin-bottom: 0px !important;padding-top: 0px !important;}&#8221;][vc_row_inner el_class=&#8221;container&#8221;][vc_column_inner][vc_column_text css=&#8221;.vc_custom_1711102646875{margin-bottom: 0px !important;}&#8221;]<\/p>\n<h3><u><a href=\"https:\/\/www.endeavor-services.com\/pt\/gestao-de-google-ads\/\">Gest\u00e3o de Google Ads<\/a><\/u><\/h3>\n<p>Ganhe novos clientes, aumente as vendas e tenha sucesso na internet.<\/p>\n<p>&nbsp;<\/p>\n<p>Somos especialistas\u00a0em solu\u00e7\u00f5es Google Ads, com mais de 10 anos de experi\u00eancia no mercado.[\/vc_column_text][\/vc_column_inner][\/vc_row_inner][\/vc_column][\/vc_row][vc_row el_class=&#8221;google_adword mkt_digital&#8221; css=&#8221;.vc_custom_1711034896817{margin-right: 0px !important;margin-left: 0px !important;}&#8221;][vc_column css=&#8221;.vc_custom_1482899621958{margin-bottom: 0px !important;padding-top: 0px !important;}&#8221;][vc_row_inner el_class=&#8221;container &#8220;][vc_column_inner][vc_column_text]<\/p>\n<h3><a href=\"https:\/\/www.endeavor-services.com\/pt\/marketing-digital\/\"><u>Marketing Digital<\/u><\/a><\/h3>\n<p>Obtenha contactos, venda online, divulgue, interaja e retenha os seus clientes.<\/p>\n<p>&nbsp;<\/p>\n<p>Criamos estrat\u00e9gias de marketing digital espec\u00edficas que permitem atingir os objetivos do seu neg\u00f3cio e maximizar o retorno sobre o investimento.[\/vc_column_text][\/vc_column_inner][\/vc_row_inner][\/vc_column][\/vc_row][vc_row el_class=&#8221;google_adword mkt_digital&#8221; css=&#8221;.vc_custom_1711034896817{margin-right: 0px !important;margin-left: 0px !important;}&#8221;][vc_column css=&#8221;.vc_custom_1482899621958{margin-bottom: 0px !important;padding-top: 0px !important;}&#8221;][vc_row_inner el_class=&#8221;container &#8220;][vc_column_inner][vc_column_text]<\/p>\n<h3><a href=\"https:\/\/www.endeavor-services.com\/pt\/google-premier-partners-2024\/\"><u>Google Partner Premier 2024<\/u><\/a><\/h3>\n<p>\u00c9 com entusiasmo que anunciamos que a Endeavor obteve a certifica\u00e7\u00e3o Google Partner Premier 2024 \u2013 o n\u00edvel mais alto no programa Google Partners.[\/vc_column_text][\/vc_column_inner][\/vc_row_inner][\/vc_column][\/vc_row][vc_row el_class=&#8221;adword_border&#8221; css=&#8221;.vc_custom_1482842337371{margin-right: 0px !important;margin-left: 0px !important;}&#8221;][vc_column][vc_column_text css=&#8221;.vc_custom_1482842413262{margin-bottom: 0px !important;}&#8221;][\/vc_column_text][\/vc_column][\/vc_row][vc_row el_class=&#8221;google_partners container&#8221; css=&#8221;.vc_custom_1487853320595{margin-right: 0px !important;margin-left: 0px !important;}&#8221;][vc_column width=&#8221;1\/3&#8243;][\/vc_column][vc_column width=&#8221;1\/3&#8243;][\/vc_column][vc_column width=&#8221;1\/3&#8243;][\/vc_column][\/vc_row]<\/p>\n","protected":false},"excerpt":{"rendered":"<p>[vc_row el_class=&#8221;container&#8221;][vc_column el_class=&#8221;banner_headings&#8221; css=&#8221;.vc_custom_1489116702482{margin-bottom: 140px !important;}&#8221;][vc_column_text css=&#8221;.vc_custom_1710959938911{margin-bottom: 0px !important;}&#8221;] \u00a0 To do something new and challenging Ajudamos os nossos clientes a ter sucesso na internet. [\/vc_column_text][\/vc_column][\/vc_row][vc_row el_class=&#8221;container&#8221;][vc_column el_class=&#8221;more_part&#8221; css=&#8221;.vc_custom_1483081497850{margin-bottom: 109px !important;}&#8221;][vc_raw_html]JTNDZGl2JTNFJTNDYSUyMGlkJTNEJTIyaG9tZV9tb3JlJTIyJTIwaHJlZiUzRCUyMiUyM2dvb2dsZV9hZHdvcmRfc2Nyb2xsJTIyJTNFTGVyJTIwbWFpcyUyMCUzQ2ltZyUyMHNyYyUzRCUyMmh0dHBzJTNBJTJGJTJGd3d3LmVuZGVhdm9yLXNlcnZpY2VzLmNvbSUyRndwLWNvbnRlbnQlMkZ1cGxvYWRzJTJGMjAxNiUyRjEyJTJGbW9yZV9hcnJvdy5wbmclMjIlMjAlMkYlM0UlM0MlMkZhJTNFJTNDJTJGZGl2JTNFJTBBJTBBJTNDJTIxLS1kaXYlMjBzdHlsZSUzRCUyMndpZHRoJTNBJTIwNTBweCUzQiUyMG1hcmdpbiUzQSUyMDAlMjBhdXRvJTNCJTIwYmFja2dyb3VuZC1jb2xvciUzQSUyMG5vbmUlM0IlMjIlM0UlM0NhJTIwaWQlM0QlMjJob21lX21vcmUlMjIlMjBocmVmJTNEJTIyJTIzZ29vZ2xlX2Fkd29yZF9zY3JvbGwlMjIlM0UlM0NpJTIwY2xhc3MlM0QlMjJDaGV2cm9uJTIyJTNFJTNDJTJGaSUzRSUzQyUyRmElM0UlM0MlMkZkaXYtLSUzRSUwQSUwQQ==[\/vc_raw_html][\/vc_column][\/vc_row][vc_row el_id=&#8221;google_adword_scroll&#8221; css=&#8221;.vc_custom_1711034971203{margin-right: 0px !important;margin-left: 0px !important;}&#8221; el_class=&#8221;google_adword online_gadd&#8221;][vc_column css=&#8221;.vc_custom_1482899621958{margin-bottom: 0px !important;padding-top: 0px !important;}&#8221;][vc_row_inner el_class=&#8221;container&#8221;][vc_column_inner][vc_column_text css=&#8221;.vc_custom_1711102646875{margin-bottom: 0px !important;}&#8221;] Gest\u00e3o de Google Ads Ganhe novos clientes, [&hellip;]<\/p>\n","protected":false},"author":1,"featured_media":0,"parent":0,"menu_order":0,"comment_status":"closed","ping_status":"closed","template":"home.php","meta":{"footnotes":""},"class_list":["post-732","page","type-page","status-publish","hentry"],"yoast_head":"<!-- This site is optimized with the Yoast SEO plugin v23.8 - https:\/\/yoast.com\/wordpress\/plugins\/seo\/ -->\n<title>Ag\u00eancia de Marketing Digital - Endeavor Services<\/title>\n<meta name=\"description\" content=\"Somos uma ag\u00eancia de marketing digital parceira da Google (Google Partner Premier). Ajudamos os nossos clientes e parceiros a ter sucesso na internet.\" \/>\n<meta name=\"robots\" content=\"index, follow, max-snippet:-1, max-image-preview:large, max-video-preview:-1\" \/>\n<link rel=\"canonical\" href=\"https:\/\/www.endeavor-services.com\/pt\/\" \/>\n<meta property=\"og:locale\" content=\"pt_PT\" \/>\n<meta property=\"og:type\" content=\"article\" \/>\n<meta property=\"og:title\" content=\"Ag\u00eancia de Marketing Digital - Endeavor Services\" \/>\n<meta property=\"og:description\" content=\"Somos uma ag\u00eancia de marketing digital parceira da Google (Google Partner Premier). Ajudamos os nossos clientes e parceiros a ter sucesso na internet.\" \/>\n<meta property=\"og:url\" content=\"https:\/\/www.endeavor-services.com\/pt\/\" \/>\n<meta property=\"og:site_name\" content=\"Endeavor Services\" \/>\n<meta property=\"article:modified_time\" content=\"2025-03-07T09:46:02+00:00\" \/>\n<meta name=\"twitter:card\" content=\"summary_large_image\" \/>\n<meta name=\"twitter:label1\" content=\"Est. reading time\" \/>\n\t<meta name=\"twitter:data1\" content=\"2 minutes\" \/>\n<script type=\"application\/ld+json\" class=\"yoast-schema-graph\">{\"@context\":\"https:\/\/schema.org\",\"@graph\":[{\"@type\":\"WebPage\",\"@id\":\"https:\/\/www.endeavor-services.com\/pt\/\",\"url\":\"https:\/\/www.endeavor-services.com\/pt\/\",\"name\":\"Ag\u00eancia de Marketing Digital - Endeavor Services\",\"isPartOf\":{\"@id\":\"https:\/\/www.endeavor-services.com\/pt\/#website\"},\"datePublished\":\"2017-02-10T07:13:06+00:00\",\"dateModified\":\"2025-03-07T09:46:02+00:00\",\"description\":\"Somos uma ag\u00eancia de marketing digital parceira da Google (Google Partner Premier). Ajudamos os nossos clientes e parceiros a ter sucesso na internet.\",\"breadcrumb\":{\"@id\":\"https:\/\/www.endeavor-services.com\/pt\/#breadcrumb\"},\"inLanguage\":\"pt\",\"potentialAction\":[{\"@type\":\"ReadAction\",\"target\":[\"https:\/\/www.endeavor-services.com\/pt\/\"]}]},{\"@type\":\"BreadcrumbList\",\"@id\":\"https:\/\/www.endeavor-services.com\/pt\/#breadcrumb\",\"itemListElement\":[{\"@type\":\"ListItem\",\"position\":1,\"name\":\"Home\",\"item\":\"https:\/\/www.endeavor-services.com\/pt\/\"},{\"@type\":\"ListItem\",\"position\":2,\"name\":\"Ag\u00eancia de Marketing Digital\"}]},{\"@type\":\"WebSite\",\"@id\":\"https:\/\/www.endeavor-services.com\/pt\/#website\",\"url\":\"https:\/\/www.endeavor-services.com\/pt\/\",\"name\":\"Endeavor Services\",\"description\":\"Empresa de Marketing Digital focada em solu\u00e7\u00f5es sobre plataformas Google\",\"potentialAction\":[{\"@type\":\"SearchAction\",\"target\":{\"@type\":\"EntryPoint\",\"urlTemplate\":\"https:\/\/www.endeavor-services.com\/pt\/?s={search_term_string}\"},\"query-input\":{\"@type\":\"PropertyValueSpecification\",\"valueRequired\":true,\"valueName\":\"search_term_string\"}}],\"inLanguage\":\"pt\"}]}<\/script>\n<!-- \/ Yoast SEO plugin. -->","yoast_head_json":{"title":"Ag\u00eancia de Marketing Digital - Endeavor Services","description":"Somos uma ag\u00eancia de marketing digital parceira da Google (Google Partner Premier). Ajudamos os nossos clientes e parceiros a ter sucesso na internet.","robots":{"index":"index","follow":"follow","max-snippet":"max-snippet:-1","max-image-preview":"max-image-preview:large","max-video-preview":"max-video-preview:-1"},"canonical":"https:\/\/www.endeavor-services.com\/pt\/","og_locale":"pt_PT","og_type":"article","og_title":"Ag\u00eancia de Marketing Digital - Endeavor Services","og_description":"Somos uma ag\u00eancia de marketing digital parceira da Google (Google Partner Premier). Ajudamos os nossos clientes e parceiros a ter sucesso na internet.","og_url":"https:\/\/www.endeavor-services.com\/pt\/","og_site_name":"Endeavor Services","article_modified_time":"2025-03-07T09:46:02+00:00","twitter_card":"summary_large_image","twitter_misc":{"Est. reading time":"2 minutes"},"schema":{"@context":"https:\/\/schema.org","@graph":[{"@type":"WebPage","@id":"https:\/\/www.endeavor-services.com\/pt\/","url":"https:\/\/www.endeavor-services.com\/pt\/","name":"Ag\u00eancia de Marketing Digital - Endeavor Services","isPartOf":{"@id":"https:\/\/www.endeavor-services.com\/pt\/#website"},"datePublished":"2017-02-10T07:13:06+00:00","dateModified":"2025-03-07T09:46:02+00:00","description":"Somos uma ag\u00eancia de marketing digital parceira da Google (Google Partner Premier). Ajudamos os nossos clientes e parceiros a ter sucesso na internet.","breadcrumb":{"@id":"https:\/\/www.endeavor-services.com\/pt\/#breadcrumb"},"inLanguage":"pt","potentialAction":[{"@type":"ReadAction","target":["https:\/\/www.endeavor-services.com\/pt\/"]}]},{"@type":"BreadcrumbList","@id":"https:\/\/www.endeavor-services.com\/pt\/#breadcrumb","itemListElement":[{"@type":"ListItem","position":1,"name":"Home","item":"https:\/\/www.endeavor-services.com\/pt\/"},{"@type":"ListItem","position":2,"name":"Ag\u00eancia de Marketing Digital"}]},{"@type":"WebSite","@id":"https:\/\/www.endeavor-services.com\/pt\/#website","url":"https:\/\/www.endeavor-services.com\/pt\/","name":"Endeavor Services","description":"Empresa de Marketing Digital focada em solu\u00e7\u00f5es sobre plataformas Google","potentialAction":[{"@type":"SearchAction","target":{"@type":"EntryPoint","urlTemplate":"https:\/\/www.endeavor-services.com\/pt\/?s={search_term_string}"},"query-input":{"@type":"PropertyValueSpecification","valueRequired":true,"valueName":"search_term_string"}}],"inLanguage":"pt"}]}},"_links":{"self":[{"href":"https:\/\/www.endeavor-services.com\/pt\/wp-json\/wp\/v2\/pages\/732"}],"collection":[{"href":"https:\/\/www.endeavor-services.com\/pt\/wp-json\/wp\/v2\/pages"}],"about":[{"href":"https:\/\/www.endeavor-services.com\/pt\/wp-json\/wp\/v2\/types\/page"}],"author":[{"embeddable":true,"href":"https:\/\/www.endeavor-services.com\/pt\/wp-json\/wp\/v2\/users\/1"}],"replies":[{"embeddable":true,"href":"https:\/\/www.endeavor-services.com\/pt\/wp-json\/wp\/v2\/comments?post=732"}],"version-history":[{"count":140,"href":"https:\/\/www.endeavor-services.com\/pt\/wp-json\/wp\/v2\/pages\/732\/revisions"}],"predecessor-version":[{"id":2372,"href":"https:\/\/www.endeavor-services.com\/pt\/wp-json\/wp\/v2\/pages\/732\/revisions\/2372"}],"wp:attachment":[{"href":"https:\/\/www.endeavor-services.com\/pt\/wp-json\/wp\/v2\/media?parent=732"}],"curies":[{"name":"wp","href":"https:\/\/api.w.org\/{rel}","templated":true}]}}